{"id":576,"date":"2024-09-05T18:33:17","date_gmt":"2024-09-05T18:33:17","guid":{"rendered":"https:\/\/beta-eleganzaestilo.signoscv.com\/about-us\/"},"modified":"2024-09-23T15:24:11","modified_gmt":"2024-09-23T15:24:11","slug":"nosotros","status":"publish","type":"page","link":"https:\/\/beta-eleganzaestilo.signoscv.com\/?page_id=576","title":{"rendered":"Nosotros"},"content":{"rendered":"\t\t<div data-elementor-type=\"wp-page\" data-elementor-id=\"576\" class=\"elementor elementor-576\">\n\t\t\t\t<div class=\"elementor-element elementor-element-576916f e-flex e-con-boxed e-con e-parent\" data-id=\"576916f\" data-element_type=\"container\" data-settings=\"{&quot;background_background&quot;:&quot;classic&quot;}\">\n\t\t\t\t\t<div class=\"e-con-inner\">\n\t\t<div class=\"elementor-element elementor-element-9dbd73e e-con-full e-flex e-con e-child\" data-id=\"9dbd73e\" data-element_type=\"container\">\n\t\t\t\t<div class=\"elementor-element elementor-element-b4ad8cf elementor-widget elementor-widget-heading\" data-id=\"b4ad8cf\" data-element_type=\"widget\" data-widget_type=\"heading.default\">\n\t\t\t\t<div class=\"elementor-widget-container\">\n\t\t\t<style>\/*! elementor - v3.23.0 - 05-08-2024 *\/\n.elementor-heading-title{padding:0;margin:0;line-height:1}.elementor-widget-heading .elementor-heading-title[class*=elementor-size-]>a{color:inherit;font-size:inherit;line-height:inherit}.elementor-widget-heading .elementor-heading-title.elementor-size-small{font-size:15px}.elementor-widget-heading .elementor-heading-title.elementor-size-medium{font-size:19px}.elementor-widget-heading .elementor-heading-title.elementor-size-large{font-size:29px}.elementor-widget-heading .elementor-heading-title.elementor-size-xl{font-size:39px}.elementor-widget-heading .elementor-heading-title.elementor-size-xxl{font-size:59px}<\/style><h1 class=\"elementor-heading-title elementor-size-default\">Nosotros<\/h1>\t\t<\/div>\n\t\t\t\t<\/div>\n\t\t\t\t<\/div>\n\t\t\t\t\t<\/div>\n\t\t\t\t<\/div>\n\t\t<div class=\"elementor-element elementor-element-5898f86 e-flex e-con-boxed e-con e-parent\" data-id=\"5898f86\" data-element_type=\"container\">\n\t\t\t\t\t<div class=\"e-con-inner\">\n\t\t<div class=\"elementor-element elementor-element-a471c7a e-con-full e-flex e-con e-child\" data-id=\"a471c7a\" data-element_type=\"container\">\n\t\t\t\t<div class=\"elementor-element elementor-element-602b490 elementor-widget elementor-widget-heading\" data-id=\"602b490\" data-element_type=\"widget\" data-widget_type=\"heading.default\">\n\t\t\t\t<div class=\"elementor-widget-container\">\n\t\t\t<h2 class=\"elementor-heading-title elementor-size-default\">De la visi\u00f3n a la moda: el nacimiento de Eleganza<\/h2>\t\t<\/div>\n\t\t\t\t<\/div>\n\t\t\t\t<\/div>\n\t\t<div class=\"elementor-element elementor-element-3f51f8d e-con-full e-flex e-con e-child\" data-id=\"3f51f8d\" data-element_type=\"container\">\n\t\t\t\t<div class=\"elementor-element elementor-element-310a9d8 elementor-widget elementor-widget-heading\" data-id=\"310a9d8\" data-element_type=\"widget\" data-widget_type=\"heading.default\">\n\t\t\t\t<div class=\"elementor-widget-container\">\n\t\t\t<h6 class=\"elementor-heading-title elementor-size-default\">Nuestra historia<\/h6>\t\t<\/div>\n\t\t\t\t<\/div>\n\t\t\t\t<div class=\"elementor-element elementor-element-9bfd3ac elementor-widget elementor-widget-image-box\" data-id=\"9bfd3ac\" data-element_type=\"widget\" data-widget_type=\"image-box.default\">\n\t\t\t\t<div class=\"elementor-widget-container\">\n\t\t\t<style>\/*! elementor - v3.23.0 - 05-08-2024 *\/\n.elementor-widget-image-box .elementor-image-box-content{width:100%}@media (min-width:768px){.elementor-widget-image-box.elementor-position-left .elementor-image-box-wrapper,.elementor-widget-image-box.elementor-position-right .elementor-image-box-wrapper{display:flex}.elementor-widget-image-box.elementor-position-right .elementor-image-box-wrapper{text-align:end;flex-direction:row-reverse}.elementor-widget-image-box.elementor-position-left .elementor-image-box-wrapper{text-align:start;flex-direction:row}.elementor-widget-image-box.elementor-position-top .elementor-image-box-img{margin:auto}.elementor-widget-image-box.elementor-vertical-align-top .elementor-image-box-wrapper{align-items:flex-start}.elementor-widget-image-box.elementor-vertical-align-middle .elementor-image-box-wrapper{align-items:center}.elementor-widget-image-box.elementor-vertical-align-bottom .elementor-image-box-wrapper{align-items:flex-end}}@media (max-width:767px){.elementor-widget-image-box .elementor-image-box-img{margin-left:auto!important;margin-right:auto!important;margin-bottom:15px}}.elementor-widget-image-box .elementor-image-box-img{display:inline-block}.elementor-widget-image-box .elementor-image-box-title a{color:inherit}.elementor-widget-image-box .elementor-image-box-wrapper{text-align:center}.elementor-widget-image-box .elementor-image-box-description{margin:0}<\/style><div class=\"elementor-image-box-wrapper\"><div class=\"elementor-image-box-content\"><h5 class=\"elementor-image-box-title\">Nuestro viaje comenz\u00f3 con una visi\u00f3n simple pero poderosa: redefinir la forma en que las mujeres experimentan la moda.<\/h5><p class=\"elementor-image-box-description\">Impulsados \u200b\u200bpor la pasi\u00f3n por el estilo y el compromiso con la individualidad, nos embarcamos en la misi\u00f3n de crear una colecci\u00f3n que refleje los diversos gustos y personalidades de nuestros queridos clientes. Desde nuestros humildes comienzos hasta el vibrante espacio en l\u00ednea que habitamos hoy, cada hito representa un cap\u00edtulo de nuestra historia. \u00danase a nosotros en esta aventura de vanguardia en la que cada pieza cuenta una historia de inspiraci\u00f3n, dedicaci\u00f3n y elegancia sartorial.\n<\/p><\/div><\/div>\t\t<\/div>\n\t\t\t\t<\/div>\n\t\t\t\t<\/div>\n\t\t<div class=\"elementor-element elementor-element-e92d08f e-con-full e-flex e-con e-child\" data-id=\"e92d08f\" data-element_type=\"container\">\n\t\t\t\t<div class=\"elementor-element elementor-element-db4cc49 elementor-widget elementor-widget-heading\" data-id=\"db4cc49\" data-element_type=\"widget\" data-widget_type=\"heading.default\">\n\t\t\t\t<div class=\"elementor-widget-container\">\n\t\t\t<h6 class=\"elementor-heading-title elementor-size-default\">Seguro de calidad<\/h6>\t\t<\/div>\n\t\t\t\t<\/div>\n\t\t\t\t<div class=\"elementor-element elementor-element-fcc7a1f elementor-widget elementor-widget-image-box\" data-id=\"fcc7a1f\" data-element_type=\"widget\" data-widget_type=\"image-box.default\">\n\t\t\t\t<div class=\"elementor-widget-container\">\n\t\t\t<div class=\"elementor-image-box-wrapper\"><div class=\"elementor-image-box-content\"><h2 class=\"elementor-image-box-title\">Entendemos que la moda es una expresi\u00f3n de identidad y estamos orgullosos de ofrecer productos que incorporan los m\u00e1s altos est\u00e1ndares de calidad.<\/h2><p class=\"elementor-image-box-description\">Nuestro viaje hacia la excelencia comienza con una selecci\u00f3n meticulosa de los materiales que cumplen con nuestros estrictos criterios de durabilidad, comodidad y estilo. Cada prenda se confecciona con precisi\u00f3n en nuestras instalaciones de fabricaci\u00f3n de \u00faltima generaci\u00f3n, lo que garantiza la atenci\u00f3n al detalle en cada puntada. Nuestro compromiso con la calidad no termina all\u00ed: los rigurosos procesos de control de calidad garantizan que cada pieza cumpla con nuestros exigentes est\u00e1ndares antes de llegar a su armario. Conf\u00ede en FemmeWardrobe para obtener moda que no solo capte la atenci\u00f3n, sino que resista el paso del tiempo.\n<\/p><\/div><\/div>\t\t<\/div>\n\t\t\t\t<\/div>\n\t\t\t\t<\/div>\n\t\t\t\t\t<\/div>\n\t\t\t\t<\/div>\n\t\t<div class=\"elementor-element elementor-element-bdafa3c e-flex e-con-boxed e-con e-parent\" data-id=\"bdafa3c\" data-element_type=\"container\" data-settings=\"{&quot;background_background&quot;:&quot;classic&quot;}\">\n\t\t\t\t\t<div class=\"e-con-inner\">\n\t\t<div class=\"elementor-element elementor-element-f643276 e-con-full e-flex e-con e-child\" data-id=\"f643276\" data-element_type=\"container\">\n\t\t\t\t<div class=\"elementor-element elementor-element-3f174b6 elementor-widget elementor-widget-heading\" data-id=\"3f174b6\" data-element_type=\"widget\" data-widget_type=\"heading.default\">\n\t\t\t\t<div class=\"elementor-widget-container\">\n\t\t\t<h6 class=\"elementor-heading-title elementor-size-default\">Enfoque centrado en el cliente<\/h6>\t\t<\/div>\n\t\t\t\t<\/div>\n\t\t\t\t<div class=\"elementor-element elementor-element-1cf2f8a elementor-widget elementor-widget-image-box\" data-id=\"1cf2f8a\" data-element_type=\"widget\" data-widget_type=\"image-box.default\">\n\t\t\t\t<div class=\"elementor-widget-container\">\n\t\t\t<div class=\"elementor-image-box-wrapper\"><div class=\"elementor-image-box-content\"><h2 class=\"elementor-image-box-title\">M\u00e1s all\u00e1 de la moda: fomentando una experiencia centrada en el cliente<\/h2><p class=\"elementor-image-box-description\">Creemos que la esencia de nuestro \u00e9xito radica en la satisfacci\u00f3n de nuestros clientes. Nuestro compromiso de brindar una experiencia de compra excepcional va m\u00e1s all\u00e1 de las tendencias y los estilos: se trata de comprender y satisfacer las necesidades \u00fanicas de cada persona que elige FemmeWardrobe. Desde recomendaciones personalizadas hasta devoluciones sin complicaciones, hemos dise\u00f1ado cada aspecto de nuestro servicio pensando en usted. Nuestro dedicado equipo de atenci\u00f3n al cliente est\u00e1 aqu\u00ed para garantizar que su experiencia con nosotros sea fluida, agradable y supere sus expectativas. \u00danase a nuestra comunidad de entusiastas de la moda empoderados, donde su satisfacci\u00f3n no es solo una prioridad; es nuestra pasi\u00f3n.\n<\/p><\/div><\/div>\t\t<\/div>\n\t\t\t\t<\/div>\n\t\t\t\t<\/div>\n\t\t\t\t\t<\/div>\n\t\t\t\t<\/div>\n\t\t<div class=\"elementor-element elementor-element-0630b1e e-flex e-con-boxed e-con e-parent\" data-id=\"0630b1e\" data-element_type=\"container\">\n\t\t\t\t\t<div class=\"e-con-inner\">\n\t\t<div class=\"elementor-element elementor-element-8f65fb9 e-con-full e-flex e-con e-child\" data-id=\"8f65fb9\" data-element_type=\"container\">\n\t\t\t\t<div class=\"elementor-element elementor-element-1c16a3a elementor-widget elementor-widget-heading\" data-id=\"1c16a3a\" data-element_type=\"widget\" data-widget_type=\"heading.default\">\n\t\t\t\t<div class=\"elementor-widget-container\">\n\t\t\t<h6 class=\"elementor-heading-title elementor-size-default\">Sustainability Initiatives<\/h6>\t\t<\/div>\n\t\t\t\t<\/div>\n\t\t\t\t<div class=\"elementor-element elementor-element-005576a elementor-widget elementor-widget-heading\" data-id=\"005576a\" data-element_type=\"widget\" data-widget_type=\"heading.default\">\n\t\t\t\t<div class=\"elementor-widget-container\">\n\t\t\t<h2 class=\"elementor-heading-title elementor-size-default\">Moda consciente para un futuro mejor<br><\/h2>\t\t<\/div>\n\t\t\t\t<\/div>\n\t\t\t\t<\/div>\n\t\t<div class=\"elementor-element elementor-element-85f2501 e-con-full e-flex e-con e-child\" data-id=\"85f2501\" data-element_type=\"container\">\n\t\t\t\t<div class=\"elementor-element elementor-element-d9bb7eb elementor-widget elementor-widget-heading\" data-id=\"d9bb7eb\" data-element_type=\"widget\" data-widget_type=\"heading.default\">\n\t\t\t\t<div class=\"elementor-widget-container\">\n\t\t\t<h5 class=\"elementor-heading-title elementor-size-default\">Reconocemos la responsabilidad que tenemos de dar forma a un futuro m\u00e1s sostenible para la moda. Nuestro compromiso con las pr\u00e1cticas ecol\u00f3gicas y las opciones de moda sostenibles es la base de lo que hacemos.<\/h5>\t\t<\/div>\n\t\t\t\t<\/div>\n\t\t\t\t<\/div>\n\t\t<div class=\"elementor-element elementor-element-eead996 e-con-full e-flex e-con e-child\" data-id=\"eead996\" data-element_type=\"container\">\n\t\t\t\t<div class=\"elementor-element elementor-element-79fd198 elementor-widget elementor-widget-text-editor\" data-id=\"79fd198\" data-element_type=\"widget\" data-widget_type=\"text-editor.default\">\n\t\t\t\t<div class=\"elementor-widget-container\">\n\t\t\t<style>\/*! elementor - v3.23.0 - 05-08-2024 *\/\n.elementor-widget-text-editor.elementor-drop-cap-view-stacked .elementor-drop-cap{background-color:#69727d;color:#fff}.elementor-widget-text-editor.elementor-drop-cap-view-framed .elementor-drop-cap{color:#69727d;border:3px solid;background-color:transparent}.elementor-widget-text-editor:not(.elementor-drop-cap-view-default) .elementor-drop-cap{margin-top:8px}.elementor-widget-text-editor:not(.elementor-drop-cap-view-default) .elementor-drop-cap-letter{width:1em;height:1em}.elementor-widget-text-editor .elementor-drop-cap{float:left;text-align:center;line-height:1;font-size:50px}.elementor-widget-text-editor .elementor-drop-cap-letter{display:inline-block}<\/style>\t\t\t\t<p>Desde la cuidadosa selecci\u00f3n de materiales de origen \u00e9tico hasta la implementaci\u00f3n de procesos de fabricaci\u00f3n respetuosos con el medio ambiente, cada paso que damos es un paso hacia una industria m\u00e1s ecol\u00f3gica y sostenible.<\/p><p>Priorizamos la transparencia en nuestra cadena de suministro y nos asociamos con proveedores que comparten nuestros valores de pr\u00e1cticas laborales justas y gesti\u00f3n medioambiental. Nuestras opciones de moda sostenible se extienden tambi\u00e9n al embalaje: utilizamos materiales reciclables para minimizar nuestra huella medioambiental. \u00danase a nosotros en este viaje hacia la moda consciente, donde el estilo se encuentra con la responsabilidad y cada compra contribuye a un futuro m\u00e1s brillante y ecol\u00f3gico.<\/p>\t\t\t\t\t\t<\/div>\n\t\t\t\t<\/div>\n\t\t\t\t<\/div>\n\t\t\t\t\t<\/div>\n\t\t\t\t<\/div>\n\t\t<div class=\"elementor-element elementor-element-2f1be4e e-flex e-con-boxed e-con e-parent\" data-id=\"2f1be4e\" data-element_type=\"container\" data-settings=\"{&quot;background_background&quot;:&quot;classic&quot;}\">\n\t\t\t\t\t<div class=\"e-con-inner\">\n\t\t<div class=\"elementor-element elementor-element-98d7d19 e-con-full e-flex e-con e-child\" data-id=\"98d7d19\" data-element_type=\"container\">\n\t\t\t\t<div class=\"elementor-element elementor-element-0cbc977 elementor-widget elementor-widget-heading\" data-id=\"0cbc977\" data-element_type=\"widget\" data-widget_type=\"heading.default\">\n\t\t\t\t<div class=\"elementor-widget-container\">\n\t\t\t<h6 class=\"elementor-heading-title elementor-size-default\">Explora<\/h6>\t\t<\/div>\n\t\t\t\t<\/div>\n\t\t\t\t<div class=\"elementor-element elementor-element-2915af7 elementor-widget elementor-widget-image-box\" data-id=\"2915af7\" data-element_type=\"widget\" data-widget_type=\"image-box.default\">\n\t\t\t\t<div class=\"elementor-widget-container\">\n\t\t\t<div class=\"elementor-image-box-wrapper\"><div class=\"elementor-image-box-content\"><h2 class=\"elementor-image-box-title\">\u00a1Mejora tu imagen y adopta un estilo moderno!<\/h2><p class=\"elementor-image-box-description\">Descubre en nuestra colecci\u00f3n y expermienta la alegr\u00eda de la moda, y adquiere prendas con un estilo chic.<\/p><\/div><\/div>\t\t<\/div>\n\t\t\t\t<\/div>\n\t\t\t\t<div class=\"elementor-element elementor-element-d75bf1e elementor-widget elementor-widget-button\" data-id=\"d75bf1e\" data-element_type=\"widget\" data-widget_type=\"button.default\">\n\t\t\t\t<div class=\"elementor-widget-container\">\n\t\t\t\t\t<div class=\"elementor-button-wrapper\">\n\t\t\t<a class=\"elementor-button elementor-button-link elementor-size-sm\" href=\"#\">\n\t\t\t\t\t\t<span class=\"elementor-button-content-wrapper\">\n\t\t\t\t\t\t\t\t\t<span class=\"elementor-button-text\">Compra Ya!<\/span>\n\t\t\t\t\t<\/span>\n\t\t\t\t\t<\/a>\n\t\t<\/div>\n\t\t\t\t<\/div>\n\t\t\t\t<\/div>\n\t\t\t\t<\/div>\n\t\t\t\t\t<\/div>\n\t\t\t\t<\/div>\n\t\t\t\t<\/div>\n\t\t","protected":false},"excerpt":{"rendered":"<p>Nosotros De la visi\u00f3n a la moda: el nacimiento de Eleganza Nuestra historia Nuestro viaje comenz\u00f3 con una visi\u00f3n simple [&hellip;]<\/p>\n","protected":false},"author":4,"featured_media":0,"parent":0,"menu_order":3,"comment_status":"closed","ping_status":"closed","template":"","meta":{"site-sidebar-layout":"no-sidebar","site-content-layout":"","ast-site-content-layout":"full-width-container","site-content-style":"default","site-sidebar-style":"default","ast-global-header-display":"","ast-banner-title-visibility":"","ast-main-header-display":"","ast-hfb-above-header-display":"","ast-hfb-below-header-display":"","ast-hfb-mobile-header-display":"","site-post-title":"disabled","ast-breadcrumbs-content":"","ast-featured-img":"disabled","footer-sml-layout":"","theme-transparent-header-meta":"enabled","adv-header-id-meta":"","stick-header-meta":"","header-above-stick-meta":"","header-main-stick-meta":"","header-below-stick-meta":"","astra-migrate-meta-layouts":"default","ast-page-background-enabled":"default","ast-page-background-meta":{"desktop":{"background-color":"var(--ast-global-color-4)","background-image":"","background-repeat":"repeat","background-position":"center center","background-size":"auto","background-attachment":"scroll","background-type":"","background-media":"","overlay-type":"","overlay-color":"","overlay-opacity":"","overlay-gradient":""},"tablet":{"background-color":"","background-image":"","background-repeat":"repeat","background-position":"center center","background-size":"auto","background-attachment":"scroll","background-type":"","background-media":"","overlay-type":"","overlay-color":"","overlay-opacity":"","overlay-gradient":""},"mobile":{"background-color":"","background-image":"","background-repeat":"repeat","background-position":"center center","background-size":"auto","background-attachment":"scroll","background-type":"","background-media":"","overlay-type":"","overlay-color":"","overlay-opacity":"","overlay-gradient":""}},"ast-content-background-meta":{"desktop":{"background-color":"var(--ast-global-color-5)","background-image":"","background-repeat":"repeat","background-position":"center center","background-size":"auto","background-attachment":"scroll","background-type":"","background-media":"","overlay-type":"","overlay-color":"","overlay-opacity":"","overlay-gradient":""},"tablet":{"background-color":"var(--ast-global-color-5)","background-image":"","background-repeat":"repeat","background-position":"center center","background-size":"auto","background-attachment":"scroll","background-type":"","background-media":"","overlay-type":"","overlay-color":"","overlay-opacity":"","overlay-gradient":""},"mobile":{"background-color":"var(--ast-global-color-5)","background-image":"","background-repeat":"repeat","background-position":"center center","background-size":"auto","background-attachment":"scroll","background-type":"","background-media":"","overlay-type":"","overlay-color":"","overlay-opacity":"","overlay-gradient":""}},"_joinchat":[],"footnotes":""},"class_list":["post-576","page","type-page","status-publish","hentry"],"_links":{"self":[{"href":"https:\/\/beta-eleganzaestilo.signoscv.com\/index.php?rest_route=\/wp\/v2\/pages\/576","targetHints":{"allow":["GET"]}}],"collection":[{"href":"https:\/\/beta-eleganzaestilo.signoscv.com\/index.php?rest_route=\/wp\/v2\/pages"}],"about":[{"href":"https:\/\/beta-eleganzaestilo.signoscv.com\/index.php?rest_route=\/wp\/v2\/types\/page"}],"author":[{"embeddable":true,"href":"https:\/\/beta-eleganzaestilo.signoscv.com\/index.php?rest_route=\/wp\/v2\/users\/4"}],"replies":[{"embeddable":true,"href":"https:\/\/beta-eleganzaestilo.signoscv.com\/index.php?rest_route=%2Fwp%2Fv2%2Fcomments&post=576"}],"version-history":[{"count":13,"href":"https:\/\/beta-eleganzaestilo.signoscv.com\/index.php?rest_route=\/wp\/v2\/pages\/576\/revisions"}],"predecessor-version":[{"id":871,"href":"https:\/\/beta-eleganzaestilo.signoscv.com\/index.php?rest_route=\/wp\/v2\/pages\/576\/revisions\/871"}],"wp:attachment":[{"href":"https:\/\/beta-eleganzaestilo.signoscv.com\/index.php?rest_route=%2Fwp%2Fv2%2Fmedia&parent=576"}],"curies":[{"name":"wp","href":"https:\/\/api.w.org\/{rel}","templated":true}]}}